{"id":3,"date":"2024-10-21T17:10:18","date_gmt":"2024-10-21T17:10:18","guid":{"rendered":"https:\/\/europe.upstardigital.com\/?page_id=3"},"modified":"2024-10-21T20:46:38","modified_gmt":"2024-10-21T20:46:38","slug":"politicas-de-privacidade","status":"publish","type":"page","link":"https:\/\/europe.upstardigital.com\/en\/politicas-de-privacidade\/","title":{"rendered":"Privacy policies"},"content":{"rendered":"<html><body><p>Our website address is: <strong>https:\/\/europe.upstardigital.com.<\/strong><\/p>\r\n<h3 class=\"wp-block-heading\">Comments<\/h3>\r\n<p>When visitors leave comments on the site we collect the data shown in the comments form, and also the visitor\u2019s IP address and browser user agent string to help spam detection.<\/p>\r\n<p>An anonymized string created from your email address (also called a hash) may be provided to the Gravatar service to see if you are using it. The Gravatar service&#039;s privacy policy is available here: https:\/\/automattic.com\/privacy\/. After approval of your comment, your profile picture is visible to the public in the context of your comment.<\/p>\r\n<h3>Media<\/h3>\r\n<p>If you upload images to the website, you should avoid uploading images with embedded location data (EXIF GPS) included. Visitors to the website can download and extract any location data from images on the website.<\/p>\r\n<h3>Cookies<\/h3>\r\n<p>If you leave a comment on our site you may opt-in to saving your name, email address and website in cookies. These are for your convenience so that you do not have to fill in your details again when you leave another comment. These cookies will last for one year.<\/p>\r\n<p>If you visit our login page, we will set a temporary cookie to determine if your browser accepts cookies. This cookie contains no personal data and is discarded when you close your browser.<\/p>\r\n<p>Quando voc\u00ea faz login, tamb\u00e9m configuramos v\u00e1rios cookies para salvar suas informa\u00e7\u00f5es de login e suas op\u00e7\u00f5es de exibi\u00e7\u00e3o de tela. Os cookies de login duram dois dias, e os cookies de op\u00e7\u00f5es de tela duram um ano. Se voc\u00ea selecionar \u201cLembrar de mim\u201d, seu login persistir\u00e1 por duas semanas. Se voc\u00ea sair de sua conta, os cookies de login ser\u00e3o removidos.<\/p>\r\n<p>If you edit or publish an article, an additional cookie will be saved in your browser. This cookie includes no personal data and simply indicates the post ID of the article you just edited. It expires after 1 day.<\/p>\r\n<p>Embedded content from other websites<br>Suggested text: Articles on this site may include embedded content (e.g. videos, images, articles, etc.). Embedded content from other websites behaves in the exact same way as if the visitor has visited the other website.<\/p>\r\n<p>These websites may collect data about you, use cookies, embed additional third-party tracking, and monitor your interaction with that embedded content, including tracking your interaction with the embedded content if you have an account and are logged in to that website.<\/p>\r\n<p><strong>Who we share your data with<\/strong><br>If you request a password reset, your IP address will be included in the reset email.<\/p>\r\n<p><strong>How long we retain your data<\/strong><br>If you leave a comment, the comment and its metadata are retained indefinitely. This is so we can recognize and approve any follow-up comments automatically instead of holding them in a moderation queue.<\/p>\r\n<p>For users that register on our website (if any), we also store the personal information they provide in their user profile. All users can see, edit, or delete their personal information at any time (except they cannot change their username). Website administrators can also see and edit that information.<\/p>\r\n<h3>What rights do you have over your data?<\/h3>\r\n<p>If you have an account on this site, or have left comments, you can request to receive an exported file of the personal data we hold about you, including any data you have provided to us. You can also request that we erase any personal data we hold about you. This does not include any data we are obliged to keep for administrative, legal, or security purposes.<\/p>\r\n<h3>Where your data is sent<\/h3>\r\n<p>Visitor comments may be checked through an automated spam detection service.<\/p><\/body><\/html>","protected":false},"excerpt":{"rendered":"<p>O endere\u00e7o do nosso site \u00e9: https:\/\/europe.upstardigital.com. Coment\u00e1rios Quando os visitantes deixam coment\u00e1rios no site, coletamos os dados mostrados no formul\u00e1rio de coment\u00e1rios, al\u00e9m do endere\u00e7o IP do visitante e da string do agente do usu\u00e1rio do navegador para ajudar na detec\u00e7\u00e3o de spam. Uma string an\u00f4nima criada a partir do seu endere\u00e7o de e-mail [&hellip;]<\/p>","protected":false},"author":1,"featured_media":0,"parent":0,"menu_order":0,"comment_status":"closed","ping_status":"open","template":"","meta":{"footnotes":""},"class_list":["post-3","page","type-page","status-publish","hentry"],"_links":{"self":[{"href":"https:\/\/europe.upstardigital.com\/en\/wp-json\/wp\/v2\/pages\/3","targetHints":{"allow":["GET"]}}],"collection":[{"href":"https:\/\/europe.upstardigital.com\/en\/wp-json\/wp\/v2\/pages"}],"about":[{"href":"https:\/\/europe.upstardigital.com\/en\/wp-json\/wp\/v2\/types\/page"}],"author":[{"embeddable":true,"href":"https:\/\/europe.upstardigital.com\/en\/wp-json\/wp\/v2\/users\/1"}],"replies":[{"embeddable":true,"href":"https:\/\/europe.upstardigital.com\/en\/wp-json\/wp\/v2\/comments?post=3"}],"version-history":[{"count":4,"href":"https:\/\/europe.upstardigital.com\/en\/wp-json\/wp\/v2\/pages\/3\/revisions"}],"predecessor-version":[{"id":34,"href":"https:\/\/europe.upstardigital.com\/en\/wp-json\/wp\/v2\/pages\/3\/revisions\/34"}],"wp:attachment":[{"href":"https:\/\/europe.upstardigital.com\/en\/wp-json\/wp\/v2\/media?parent=3"}],"curies":[{"name":"wp","href":"https:\/\/api.w.org\/{rel}","templated":true}]}}