{"id":25,"date":"2024-10-21T20:40:59","date_gmt":"2024-10-21T20:40:59","guid":{"rendered":"https:\/\/europe.upstardigital.com\/?page_id=25"},"modified":"2024-10-21T20:40:59","modified_gmt":"2024-10-21T20:40:59","slug":"aviso-legal","status":"publish","type":"page","link":"https:\/\/europe.upstardigital.com\/fr\/aviso-legal\/","title":{"rendered":"Mentions l\u00e9gales"},"content":{"rendered":"<html><body><p>Upstar Digital Europe ne demande en aucun cas des sommes d&#039;argent pour d\u00e9bloquer tout type de produit financier, qu&#039;il s&#039;agisse d&#039;une carte de cr\u00e9dit, d&#039;un financement ou d&#039;un pr\u00eat. Si cela se produit, pr\u00e9venez-nous imm\u00e9diatement.<\/p>\n<p>Nous nous effor\u00e7ons de garder toutes les informations aussi \u00e0 jour que possible. Il convient toutefois de noter que ces informations peuvent diff\u00e9rer des informations trouv\u00e9es sur les sites Internet des institutions financi\u00e8res et\/ou des prestataires de services sur un site Internet sp\u00e9cifique.<\/p>\n<p>Concernant les \u00e9tablissements avec lesquels nous n&#039;avons pas de partenariats : nous ne garantissons pas l&#039;exactitude ni l&#039;actualit\u00e9 des informations. Pensez toujours \u00e0 lire les conditions d\u2019utilisation et les modalit\u00e9s d\u2019acquisition des institutions financi\u00e8res que vous choisissez. Nous recevons une petite somme de la publicit\u00e9 sur notre site Web et de nos partenaires lorsque nous r\u00e9f\u00e9rons un utilisateur qui demande un produit ou une proposition.<\/p>\n<p>Tout ce que nous publions est bas\u00e9 sur des \u00e9valuations quantitatives et qualitatives de chaque produit. Il convient de noter que nos partenaires peuvent influencer directement les produits sur lesquels nous \u00e9crivons et \u00e9valuons, ainsi que l&#039;ordre des \u00ab meilleurs \u00bb articles et le placement de produits sur Upstar Digital Europe. Compte tenu de la quantit\u00e9 d&#039;informations pr\u00e9sentes sur notre site Web, nous n&#039;offrons aucune garantie quant \u00e0 la qualit\u00e9 et \u00e0 l&#039;actualit\u00e9 des informations ; Par cons\u00e9quent, nous priorisons les informations de nos partenaires.<\/p>\n<\/body><\/html>","protected":false},"excerpt":{"rendered":"<p>O Upstar Digital Europe n\u00e3o solicita em nenhuma situa\u00e7\u00e3o, quantias em dinheiro para libera\u00e7\u00e3o de qualquer tipo de produto financeiro, seja cart\u00e3o de cr\u00e9dito, financiamento ou empr\u00e9stimo. Caso isto aconte\u00e7a, nos avise imediatamente. Trabalhamos para manter todas as informa\u00e7\u00f5es o mais atualizadas poss\u00edvel. Por\u00e9m, vale ressaltar que essas informa\u00e7\u00f5es podem divergir das informa\u00e7\u00f5es encontradas nos [&hellip;]<\/p>","protected":false},"author":1,"featured_media":0,"parent":0,"menu_order":0,"comment_status":"closed","ping_status":"closed","template":"","meta":{"footnotes":""},"class_list":["post-25","page","type-page","status-publish","hentry"],"_links":{"self":[{"href":"https:\/\/europe.upstardigital.com\/fr\/wp-json\/wp\/v2\/pages\/25","targetHints":{"allow":["GET"]}}],"collection":[{"href":"https:\/\/europe.upstardigital.com\/fr\/wp-json\/wp\/v2\/pages"}],"about":[{"href":"https:\/\/europe.upstardigital.com\/fr\/wp-json\/wp\/v2\/types\/page"}],"author":[{"embeddable":true,"href":"https:\/\/europe.upstardigital.com\/fr\/wp-json\/wp\/v2\/users\/1"}],"replies":[{"embeddable":true,"href":"https:\/\/europe.upstardigital.com\/fr\/wp-json\/wp\/v2\/comments?post=25"}],"version-history":[{"count":1,"href":"https:\/\/europe.upstardigital.com\/fr\/wp-json\/wp\/v2\/pages\/25\/revisions"}],"predecessor-version":[{"id":26,"href":"https:\/\/europe.upstardigital.com\/fr\/wp-json\/wp\/v2\/pages\/25\/revisions\/26"}],"wp:attachment":[{"href":"https:\/\/europe.upstardigital.com\/fr\/wp-json\/wp\/v2\/media?parent=25"}],"curies":[{"name":"wp","href":"https:\/\/api.w.org\/{rel}","templated":true}]}}