{"id":23,"date":"2024-10-21T20:39:58","date_gmt":"2024-10-21T20:39:58","guid":{"rendered":"https:\/\/europe.upstardigital.com\/?page_id=23"},"modified":"2024-10-21T20:39:58","modified_gmt":"2024-10-21T20:39:58","slug":"quem-somos","status":"publish","type":"page","link":"https:\/\/europe.upstardigital.com\/it\/quem-somos\/","title":{"rendered":"Chi siamo"},"content":{"rendered":"<html><body><p>Benvenuto a <strong>Upstar Europa digitale<\/strong>, la tua destinazione di fiducia per le ultime notizie, analisi e tendenze dal mondo della tecnologia, delle app e dell&#039;innovazione digitale. La nostra missione \u00e8 portare informazioni precise, pratiche e di qualit\u00e0 sull&#039;universo digitale, aiutandoti a rimanere aggiornato in uno scenario in continua evoluzione.<\/p>\n<p>Con un team dedicato di scrittori esperti e appassionati di tecnologia, forniamo contenuti completi sul lancio di app, revisioni delle prestazioni, guide approfondite e suggerimenti che semplificano l&#039;utilizzo dei nuovi strumenti. Vogliamo rendere il mondo digitale pi\u00f9 accessibile a tutti, che tu sia un principiante alla ricerca di app utili o un esperto alla ricerca di approfondimenti sulle prossime grandi tendenze.<\/p>\n<h3>Cosa offriamo:<\/h3>\n<ul>\n<li><strong>Notizie in tempo reale<\/strong>: Aggiornamenti costanti sugli sviluppi pi\u00f9 importanti del settore tecnologico.<\/li>\n<li><strong>Analisi e valutazioni<\/strong>: testiamo e esaminiamo le app e gli strumenti digitali pi\u00f9 recenti in modo che tu possa scegliere quello pi\u00f9 adatto alle tue esigenze.<\/li>\n<li><strong>Tutorial e guide<\/strong>: istruzioni passo passo semplici ed efficaci che ti aiutano a padroneggiare rapidamente applicazioni e tecnologie.<\/li>\n<li><strong>Tendenze e innovazioni<\/strong>: rimani aggiornato su ci\u00f2 che accadr\u00e0 nel mondo digitale, dai lanci di prodotti alle nuove funzionalit\u00e0 che rivoluzioneranno il mercato.<\/li>\n<\/ul>\n<p>Nodo <strong>Upstar Europa digitale<\/strong>, crediamo che la tecnologia debba essere facile da comprendere e accessibile a tutti. Pertanto, cerchiamo sempre di offrire contenuti di qualit\u00e0, chiari e oggettivi, con particolare attenzione a soddisfare le esigenze del nostro pubblico.<\/p>\n<\/body><\/html>","protected":false},"excerpt":{"rendered":"<p>Bem-vindo ao Upstar Digital Europe, seu destino confi\u00e1vel para as \u00faltimas not\u00edcias, an\u00e1lises e tend\u00eancias do mundo da tecnologia, aplicativos e inova\u00e7\u00e3o digital. Nossa miss\u00e3o \u00e9 trazer informa\u00e7\u00f5es precisas, pr\u00e1ticas e de qualidade sobre o universo digital, ajudando voc\u00ea a se manter atualizado em um cen\u00e1rio em constante evolu\u00e7\u00e3o. Com uma equipe dedicada de redatores [&hellip;]<\/p>","protected":false},"author":1,"featured_media":0,"parent":0,"menu_order":0,"comment_status":"closed","ping_status":"closed","template":"","meta":{"footnotes":""},"class_list":["post-23","page","type-page","status-publish","hentry"],"_links":{"self":[{"href":"https:\/\/europe.upstardigital.com\/it\/wp-json\/wp\/v2\/pages\/23","targetHints":{"allow":["GET"]}}],"collection":[{"href":"https:\/\/europe.upstardigital.com\/it\/wp-json\/wp\/v2\/pages"}],"about":[{"href":"https:\/\/europe.upstardigital.com\/it\/wp-json\/wp\/v2\/types\/page"}],"author":[{"embeddable":true,"href":"https:\/\/europe.upstardigital.com\/it\/wp-json\/wp\/v2\/users\/1"}],"replies":[{"embeddable":true,"href":"https:\/\/europe.upstardigital.com\/it\/wp-json\/wp\/v2\/comments?post=23"}],"version-history":[{"count":1,"href":"https:\/\/europe.upstardigital.com\/it\/wp-json\/wp\/v2\/pages\/23\/revisions"}],"predecessor-version":[{"id":24,"href":"https:\/\/europe.upstardigital.com\/it\/wp-json\/wp\/v2\/pages\/23\/revisions\/24"}],"wp:attachment":[{"href":"https:\/\/europe.upstardigital.com\/it\/wp-json\/wp\/v2\/media?parent=23"}],"curies":[{"name":"wp","href":"https:\/\/api.w.org\/{rel}","templated":true}]}}