{"id":25,"date":"2024-10-21T20:40:59","date_gmt":"2024-10-21T20:40:59","guid":{"rendered":"https:\/\/europe.upstardigital.com\/?page_id=25"},"modified":"2024-10-21T20:40:59","modified_gmt":"2024-10-21T20:40:59","slug":"aviso-legal","status":"publish","type":"page","link":"https:\/\/europe.upstardigital.com\/it\/aviso-legal\/","title":{"rendered":"Avviso legale"},"content":{"rendered":"<html><body><p>O Upstar Digital Europe n\u00e3o solicita em nenhuma situa\u00e7\u00e3o, quantias em dinheiro para libera\u00e7\u00e3o de qualquer tipo de produto financeiro, seja cart\u00e3o de cr\u00e9dito, financiamento ou empr\u00e9stimo. Caso isto aconte\u00e7a, nos avise imediatamente.<\/p>\n<p>Trabalhamos para manter todas as informa\u00e7\u00f5es o mais atualizadas poss\u00edvel. Por\u00e9m, vale ressaltar que essas informa\u00e7\u00f5es podem divergir das informa\u00e7\u00f5es encontradas nos sites de institui\u00e7\u00f5es financeiras e\/ou de provedores de servi\u00e7os de um site espec\u00edfico.<\/p>\n<p>Com rela\u00e7\u00e3o a institui\u00e7\u00f5es com as quais n\u00e3o temos parceria: n\u00e3o garantimos a precis\u00e3o e atualidade das informa\u00e7\u00f5es. Lembre-se sempre de ler as condi\u00e7\u00f5es de uso e termos de aquisi\u00e7\u00e3o das institui\u00e7\u00f5es financeiras que voc\u00ea escolher. Recebemos uma pequena quantia das publicidades em nosso site e dos nossos parceiros quando indicamos um usu\u00e1rio que solicita algum produto ou proposta.<\/p>\n<p>Tudo que publicamos \u00e9 baseado em avalia\u00e7\u00f5es quantitativas e qualitativas de cada produto. Vale ressaltar que nossos parceiros podem influenciar diretamente os produtos sobre os quais escrevemos e revisamos, e tamb\u00e9m sobre a ordem dos \u201cmelhores\u201d artigos e posicionamento de produtos no Upstar Digital Europe. Dada a quantidade de informa\u00e7\u00f5es em nosso site, n\u00e3o fornecemos nenhum tipo de garantia sobre a qualidade e atualidade das informa\u00e7\u00f5es; por isso, priorizamos informa\u00e7\u00f5es de nossos parceiros.<\/p>\n<\/body><\/html>","protected":false},"excerpt":{"rendered":"<p>O Upstar Digital Europe n\u00e3o solicita em nenhuma situa\u00e7\u00e3o, quantias em dinheiro para libera\u00e7\u00e3o de qualquer tipo de produto financeiro, seja cart\u00e3o de cr\u00e9dito, financiamento ou empr\u00e9stimo. Caso isto aconte\u00e7a, nos avise imediatamente. Trabalhamos para manter todas as informa\u00e7\u00f5es o mais atualizadas poss\u00edvel. Por\u00e9m, vale ressaltar que essas informa\u00e7\u00f5es podem divergir das informa\u00e7\u00f5es encontradas nos [&hellip;]<\/p>","protected":false},"author":1,"featured_media":0,"parent":0,"menu_order":0,"comment_status":"closed","ping_status":"closed","template":"","meta":{"footnotes":""},"class_list":["post-25","page","type-page","status-publish","hentry"],"_links":{"self":[{"href":"https:\/\/europe.upstardigital.com\/it\/wp-json\/wp\/v2\/pages\/25","targetHints":{"allow":["GET"]}}],"collection":[{"href":"https:\/\/europe.upstardigital.com\/it\/wp-json\/wp\/v2\/pages"}],"about":[{"href":"https:\/\/europe.upstardigital.com\/it\/wp-json\/wp\/v2\/types\/page"}],"author":[{"embeddable":true,"href":"https:\/\/europe.upstardigital.com\/it\/wp-json\/wp\/v2\/users\/1"}],"replies":[{"embeddable":true,"href":"https:\/\/europe.upstardigital.com\/it\/wp-json\/wp\/v2\/comments?post=25"}],"version-history":[{"count":1,"href":"https:\/\/europe.upstardigital.com\/it\/wp-json\/wp\/v2\/pages\/25\/revisions"}],"predecessor-version":[{"id":26,"href":"https:\/\/europe.upstardigital.com\/it\/wp-json\/wp\/v2\/pages\/25\/revisions\/26"}],"wp:attachment":[{"href":"https:\/\/europe.upstardigital.com\/it\/wp-json\/wp\/v2\/media?parent=25"}],"curies":[{"name":"wp","href":"https:\/\/api.w.org\/{rel}","templated":true}]}}