{"id":23,"date":"2024-10-21T20:39:58","date_gmt":"2024-10-21T20:39:58","guid":{"rendered":"https:\/\/europe.upstardigital.com\/?page_id=23"},"modified":"2024-10-21T20:39:58","modified_gmt":"2024-10-21T20:39:58","slug":"quem-somos","status":"publish","type":"page","link":"https:\/\/europe.upstardigital.com\/nl\/quem-somos\/","title":{"rendered":"Wie we zijn"},"content":{"rendered":"<html><body><p>Bem-vindo ao <strong>Upstar Digital Europe<\/strong>, seu destino confi\u00e1vel para as \u00faltimas not\u00edcias, an\u00e1lises e tend\u00eancias do mundo da tecnologia, aplicativos e inova\u00e7\u00e3o digital. Nossa miss\u00e3o \u00e9 trazer informa\u00e7\u00f5es precisas, pr\u00e1ticas e de qualidade sobre o universo digital, ajudando voc\u00ea a se manter atualizado em um cen\u00e1rio em constante evolu\u00e7\u00e3o.<\/p>\n<p>Com uma equipe dedicada de redatores especializados e entusiastas da tecnologia, oferecemos conte\u00fados abrangentes sobre lan\u00e7amentos de apps, an\u00e1lises de desempenho, guias detalhados e dicas que simplificam o uso de novas ferramentas. Queremos tornar o mundo digital mais acess\u00edvel a todos, seja voc\u00ea um iniciante buscando por aplicativos \u00fateis ou um expert em busca de insights sobre as pr\u00f3ximas grandes tend\u00eancias.<\/p>\n<h3>O que Oferecemos:<\/h3>\n<ul>\n<li><strong>Not\u00edcias em Tempo Real<\/strong>: Atualiza\u00e7\u00f5es constantes sobre os desenvolvimentos mais importantes no setor de tecnologia.<\/li>\n<li><strong>An\u00e1lises e Avalia\u00e7\u00f5es<\/strong>: Testamos e analisamos os aplicativos e ferramentas digitais mais recentes para que voc\u00ea possa escolher o que melhor se adapta \u00e0s suas necessidades.<\/li>\n<li><strong>Tutoriais e Guias<\/strong>: Passo a passo simples e eficazes que ajudam voc\u00ea a dominar aplicativos e tecnologias rapidamente.<\/li>\n<li><strong>Tend\u00eancias e Inova\u00e7\u00f5es<\/strong>: Fique por dentro do que est\u00e1 por vir no mundo digital, desde lan\u00e7amentos de produtos at\u00e9 novas funcionalidades que v\u00e3o revolucionar o mercado.<\/li>\n<\/ul>\n<p>No <strong>Upstar Digital Europe<\/strong>, acreditamos que a tecnologia deve ser f\u00e1cil de entender e acess\u00edvel a todos. Por isso, estamos sempre em busca de oferecer conte\u00fado de qualidade, claro e objetivo, com foco em atender \u00e0s necessidades do nosso p\u00fablico.<\/p>\n<\/body><\/html>","protected":false},"excerpt":{"rendered":"<p>Bem-vindo ao Upstar Digital Europe, seu destino confi\u00e1vel para as \u00faltimas not\u00edcias, an\u00e1lises e tend\u00eancias do mundo da tecnologia, aplicativos e inova\u00e7\u00e3o digital. Nossa miss\u00e3o \u00e9 trazer informa\u00e7\u00f5es precisas, pr\u00e1ticas e de qualidade sobre o universo digital, ajudando voc\u00ea a se manter atualizado em um cen\u00e1rio em constante evolu\u00e7\u00e3o. Com uma equipe dedicada de redatores [&hellip;]<\/p>","protected":false},"author":1,"featured_media":0,"parent":0,"menu_order":0,"comment_status":"closed","ping_status":"closed","template":"","meta":{"footnotes":""},"class_list":["post-23","page","type-page","status-publish","hentry"],"_links":{"self":[{"href":"https:\/\/europe.upstardigital.com\/nl\/wp-json\/wp\/v2\/pages\/23","targetHints":{"allow":["GET"]}}],"collection":[{"href":"https:\/\/europe.upstardigital.com\/nl\/wp-json\/wp\/v2\/pages"}],"about":[{"href":"https:\/\/europe.upstardigital.com\/nl\/wp-json\/wp\/v2\/types\/page"}],"author":[{"embeddable":true,"href":"https:\/\/europe.upstardigital.com\/nl\/wp-json\/wp\/v2\/users\/1"}],"replies":[{"embeddable":true,"href":"https:\/\/europe.upstardigital.com\/nl\/wp-json\/wp\/v2\/comments?post=23"}],"version-history":[{"count":1,"href":"https:\/\/europe.upstardigital.com\/nl\/wp-json\/wp\/v2\/pages\/23\/revisions"}],"predecessor-version":[{"id":24,"href":"https:\/\/europe.upstardigital.com\/nl\/wp-json\/wp\/v2\/pages\/23\/revisions\/24"}],"wp:attachment":[{"href":"https:\/\/europe.upstardigital.com\/nl\/wp-json\/wp\/v2\/media?parent=23"}],"curies":[{"name":"wp","href":"https:\/\/api.w.org\/{rel}","templated":true}]}}